{"id":18,"date":"2013-02-09T10:52:57","date_gmt":"2013-02-09T09:52:57","guid":{"rendered":"http:\/\/www.blekingeidrottshalsa.se\/wordpress\/?page_id=18"},"modified":"2020-01-12T09:34:21","modified_gmt":"2020-01-12T08:34:21","slug":"kontakt","status":"publish","type":"page","link":"https:\/\/www.blekingeidrottshalsa.se\/?page_id=18","title":{"rendered":"Kontakt"},"content":{"rendered":"<p class=\"alignright\"><iframe loading=\"lazy\" src=\"https:\/\/maps.google.com\/maps?q=56.171113,14.868063&amp;hl=sv&amp;sll=56.190797,14.857545&amp;sspn=0.168875,0.528374&amp;t=h&amp;ie=UTF8&amp;z=14&amp;ll=56.171113,14.868063&amp;output=embed\" width=\"425\" height=\"350\" frameborder=\"0\" marginwidth=\"0\" marginheight=\"0\" scrolling=\"no\"><\/iframe><br \/>\n<small><a style=\"color: #0000ff; text-align: left;\" href=\"https:\/\/maps.google.com\/maps?q=56.171113,14.868063&amp;hl=sv&amp;sll=56.190797,14.857545&amp;sspn=0.168875,0.528374&amp;t=h&amp;ie=UTF8&amp;z=14&amp;ll=56.171113,14.868063&amp;source=embed\">Visa st\u00f6rre karta<\/a><\/small><\/p>\n<p><strong>Telefon:<\/strong><br \/>\n0764-252700<\/p>\n<p><strong>Mail:<\/strong><br \/>\nblekingeidrottshalsa@gmail.com<\/p>\n<p><strong>Facebook:<\/strong><br \/>\nblekingeidrottsh\u00e4lsa<\/p>\n<p><strong>Adress:<\/strong><br \/>\nErikdahlbergsv\u00e4gen 35<br \/>\n37437 Karlshamn<\/p>\n<p><a title=\"Hitta Hit\" href=\"https:\/\/maps.google.com\/maps?q=56.171113,14.868063&amp;hl=sv&amp;sll=56.190797,14.857545&amp;sspn=0.168875,0.528374&amp;t=h&amp;z=16\">Hitta hit<br \/>\n<\/a><\/p>\n","protected":false},"excerpt":{"rendered":"<p>Visa st\u00f6rre karta Telefon: 0764-252700 Mail: blekingeidrottshalsa@gmail.com Facebook: blekingeidrottsh\u00e4lsa Adress: Erikdahlbergsv\u00e4gen 35 37437 Karlshamn Hitta hit<\/p>\n","protected":false},"author":2,"featured_media":0,"parent":0,"menu_order":3,"comment_status":"closed","ping_status":"open","template":"templates\/template-onecolumn.php","meta":{"footnotes":""},"class_list":["post-18","page","type-page","status-publish","hentry"],"_links":{"self":[{"href":"https:\/\/www.blekingeidrottshalsa.se\/index.php?rest_route=\/wp\/v2\/pages\/18","targetHints":{"allow":["GET"]}}],"collection":[{"href":"https:\/\/www.blekingeidrottshalsa.se\/index.php?rest_route=\/wp\/v2\/pages"}],"about":[{"href":"https:\/\/www.blekingeidrottshalsa.se\/index.php?rest_route=\/wp\/v2\/types\/page"}],"author":[{"embeddable":true,"href":"https:\/\/www.blekingeidrottshalsa.se\/index.php?rest_route=\/wp\/v2\/users\/2"}],"replies":[{"embeddable":true,"href":"https:\/\/www.blekingeidrottshalsa.se\/index.php?rest_route=%2Fwp%2Fv2%2Fcomments&post=18"}],"version-history":[{"count":11,"href":"https:\/\/www.blekingeidrottshalsa.se\/index.php?rest_route=\/wp\/v2\/pages\/18\/revisions"}],"predecessor-version":[{"id":981,"href":"https:\/\/www.blekingeidrottshalsa.se\/index.php?rest_route=\/wp\/v2\/pages\/18\/revisions\/981"}],"wp:attachment":[{"href":"https:\/\/www.blekingeidrottshalsa.se\/index.php?rest_route=%2Fwp%2Fv2%2Fmedia&parent=18"}],"curies":[{"name":"wp","href":"https:\/\/api.w.org\/{rel}","templated":true}]}}