{"id":21,"date":"2017-09-27T11:14:17","date_gmt":"2017-09-27T09:14:17","guid":{"rendered":"http:\/\/www.blekingeidrottshalsa.se\/wordpress\/?page_id=21"},"modified":"2025-02-15T00:09:58","modified_gmt":"2025-02-14T23:09:58","slug":"om-behandlingarna","status":"publish","type":"page","link":"https:\/\/www.blekingeidrottshalsa.se\/?page_id=21","title":{"rendered":"Utbud"},"content":{"rendered":"<h3>Hos Blekinge Idrottsh\u00e4lsa kan du anv\u00e4nda ditt friskv\u00e5rdsbidrag!<\/h3>\n<h3 style=\"text-align: left;\">Blekinge Idrottsh\u00e4lsa har dessutom avtal med f\u00f6r dig med sjukv\u00e5rdsf\u00f6rs\u00e4kring (h\u00f6r med ditt f\u00f6rs\u00e4kringsbolag om de st\u00e5r f\u00f6r dina kostnader i samband med rehabilitering och behandling).<\/h3>\n<h3 style=\"text-align: left;\">Och du vet v\u00e4l att&#8230;..Du som jobbar i Karlshamns kommun eller \u00e4r medlem i Karlshamns SK Triathlon\/Karlshamns Swimrun har 10% p\u00e5 alla priser?<\/h3>\n","protected":false},"excerpt":{"rendered":"<p>Hos Blekinge Idrottsh\u00e4lsa kan du anv\u00e4nda ditt friskv\u00e5rdsbidrag! Blekinge Idrottsh\u00e4lsa har dessutom avtal med f\u00f6r dig med sjukv\u00e5rdsf\u00f6rs\u00e4kring (h\u00f6r med ditt f\u00f6rs\u00e4kringsbolag om de st\u00e5r f\u00f6r dina kostnader i samband med rehabilitering och behandling). Och du vet v\u00e4l att&#8230;..Du som jobbar i Karlshamns kommun eller \u00e4r medlem i Karlshamns SK&#8230; <a class=\"continue-reading-link\" href=\"https:\/\/www.blekingeidrottshalsa.se\/?page_id=21\"> Continue reading <span class=\"meta-nav\">&rarr; <\/span><\/a><\/p>\n","protected":false},"author":2,"featured_media":0,"parent":0,"menu_order":4,"comment_status":"closed","ping_status":"open","template":"templates\/template-onecolumn.php","meta":{"footnotes":""},"class_list":["post-21","page","type-page","status-publish","hentry"],"_links":{"self":[{"href":"https:\/\/www.blekingeidrottshalsa.se\/index.php?rest_route=\/wp\/v2\/pages\/21","targetHints":{"allow":["GET"]}}],"collection":[{"href":"https:\/\/www.blekingeidrottshalsa.se\/index.php?rest_route=\/wp\/v2\/pages"}],"about":[{"href":"https:\/\/www.blekingeidrottshalsa.se\/index.php?rest_route=\/wp\/v2\/types\/page"}],"author":[{"embeddable":true,"href":"https:\/\/www.blekingeidrottshalsa.se\/index.php?rest_route=\/wp\/v2\/users\/2"}],"replies":[{"embeddable":true,"href":"https:\/\/www.blekingeidrottshalsa.se\/index.php?rest_route=%2Fwp%2Fv2%2Fcomments&post=21"}],"version-history":[{"count":13,"href":"https:\/\/www.blekingeidrottshalsa.se\/index.php?rest_route=\/wp\/v2\/pages\/21\/revisions"}],"predecessor-version":[{"id":1401,"href":"https:\/\/www.blekingeidrottshalsa.se\/index.php?rest_route=\/wp\/v2\/pages\/21\/revisions\/1401"}],"wp:attachment":[{"href":"https:\/\/www.blekingeidrottshalsa.se\/index.php?rest_route=%2Fwp%2Fv2%2Fmedia&parent=21"}],"curies":[{"name":"wp","href":"https:\/\/api.w.org\/{rel}","templated":true}]}}