{"id":49,"date":"2013-02-04T19:41:27","date_gmt":"2013-02-04T18:41:27","guid":{"rendered":"http:\/\/www.blekingeidrottshalsa.se\/wordpress\/?page_id=49"},"modified":"2020-01-14T22:39:13","modified_gmt":"2020-01-14T21:39:13","slug":"traningskonsultation-individuell","status":"publish","type":"page","link":"https:\/\/www.blekingeidrottshalsa.se\/?page_id=49","title":{"rendered":"Tr\u00e4ningskonsultation &#8211; individuell eller f\u00f6r laget\/klubben"},"content":{"rendered":"<div id=\"content\">\n<div id=\"text\">\n<h2><a href=\"http:\/\/www.blekingeidrottshalsa.se\/wordpress\/?attachment_id=187\" rel=\"attachment wp-att-187\"><img loading=\"lazy\" decoding=\"async\" class=\"alignright size-medium wp-image-187\" src=\"http:\/\/www.blekingeidrottshalsa.se\/wordpress\/wp-content\/uploads\/2013\/02\/traningskonsultation_individuell-300x186.jpg\" alt=\"\" width=\"300\" height=\"186\" srcset=\"https:\/\/www.blekingeidrottshalsa.se\/wordpress\/wp-content\/uploads\/2013\/02\/traningskonsultation_individuell-300x186.jpg 300w, https:\/\/www.blekingeidrottshalsa.se\/wordpress\/wp-content\/uploads\/2013\/02\/traningskonsultation_individuell.jpg 424w\" sizes=\"auto, (max-width: 300px) 100vw, 300px\" \/><\/a><\/h2>\n<p><strong>Individuell tr\u00e4ningskonsultation<\/strong><\/p>\n<p>K\u00e4nner Du att Du vill satsa p\u00e5 Din h\u00e4lsa och leva ett friskare liv? Vill Du ha hj\u00e4lp med tr\u00e4ningen? Komma ig\u00e5ng eller komma vidare? Har Du best\u00e4mt Dig f\u00f6r att ta Din tr\u00e4ning ett steg l\u00e4ngre och \u00e4r beredd att tr\u00e4na mer f\u00f6r att n\u00e5 upp till Din fulla potential? Du har m\u00e5let och Blekinge idrottsh\u00e4lsa har verktygen! Boka en individuell tr\u00e4ningskonsultation. Elit som motion\u00e4r.<\/p>\n<p>Blekinge idrottsh\u00e4lsa erbjuder individuella bed\u00f6mningar och specialanpassade tr\u00e4ningsuppl\u00e4gg f\u00f6r just Dig och Dina m\u00e5l. Vi g\u00f6r en noggrann bed\u00f6mning av Din styrka, r\u00f6rlighet, balans och koordination och utformar ett tr\u00e4ningsprogram f\u00f6r att just Du ska m\u00e5 b\u00e4ttre, bli b\u00e4ttre och minska Din skaderisk. Du tr\u00e4nar p\u00e5 egen hand efter Ditt program eller om Du \u00f6nskar kan Du tr\u00e4na med st\u00f6ttning av sjukgymnast vid tr\u00e4ningspassen. Uppf\u00f6ljning sker efter dina behov och ny analys g\u00f6rs f\u00f6r att se hur Du f\u00f6rb\u00e4ttrats.<\/p>\n<h2>Tr\u00e4ningskonsultation f\u00f6r laget, f\u00f6reningen eller klubben<\/h2>\n<p>Har Ditt lag, team eller klubb best\u00e4mt Er f\u00f6r att nu ska Ni sl\u00e5 alla konkurrenter i serien? Eller har Ni f\u00e5tt nog av att alla i laget \u00e4r sm\u00e5skadade hela tiden och vill satsa p\u00e5 en skadefri s\u00e4song? Vill ni ha hj\u00e4lp med rehab-tr\u00e4ning f\u00f6r hela laget eller individuella spelare\/idrottare i klubben? D\u00e5 ska ni boka tr\u00e4ningskonsultation f\u00f6r f\u00f6reningen! Ni har m\u00e5len och visionerna, Blekinge idrottsh\u00e4lsa ger Er m\u00f6jligheten att n\u00e5 dit Ni vill!<img loading=\"lazy\" decoding=\"async\" class=\"alignleft size-medium wp-image-704\" src=\"https:\/\/www.blekingeidrottshalsa.se\/wordpress\/wp-content\/uploads\/2013\/08\/165964_315742008508292_1858029517_n-225x300.jpg\" alt=\"\" width=\"225\" height=\"300\" srcset=\"https:\/\/www.blekingeidrottshalsa.se\/wordpress\/wp-content\/uploads\/2013\/08\/165964_315742008508292_1858029517_n-225x300.jpg 225w, https:\/\/www.blekingeidrottshalsa.se\/wordpress\/wp-content\/uploads\/2013\/08\/165964_315742008508292_1858029517_n.jpg 720w\" sizes=\"auto, (max-width: 225px) 100vw, 225px\" \/><\/p>\n<p>Blekinge idrottsh\u00e4lsas sjukgymnast kommer till Din f\u00f6rening och tr\u00e4ffar Er p\u00e5 plats i Era lokaler. Idrottarna f\u00e5r enskild bed\u00f6mning och uppl\u00e4gg av specialanpassat tr\u00e4ningsprogram. Ni kan ocks\u00e5 v\u00e4lja att f\u00e5 ett specialanpassat tr\u00e4ningsuppl\u00e4gg hela laget, f\u00f6reningen, teamet, klubben som \u00e4r grundat p\u00e5 Era gemensamma behov. Eller varf\u00f6r inte b\u00e5de individuellt tr\u00e4ningsuppl\u00e4gg och ett gemensamt tr\u00e4ningsprogram?<\/p>\n<p>Laget tr\u00e4nar efter genomg\u00e5ng p\u00e5 egen hand efter programmet, men Ni kan ocks\u00e5 f\u00e5 st\u00f6ttning av sjukgymnast vid tr\u00e4ningspass. Uppf\u00f6ljning g\u00f6rs efter n\u00e5gra m\u00e5nader f\u00f6r att se hur tr\u00e4ningen fungerat och hur idrottarna f\u00f6rb\u00e4ttrats. En gemensam f\u00f6rel\u00e4sning g\u00f6rs med gruppen\/laget\/teamet innan Ni f\u00e5r Era specialutformade tr\u00e4ningsuppl\u00e4gg. P\u00e5 denna f\u00f6rel\u00e4sning f\u00e5r Ni veta vad som \u00e4r just Era styrkor och svagheter i laget och Ni f\u00e5r presenterat hur tr\u00e4ningsuppl\u00e4gget kommer utformas.<\/p>\n<p>&nbsp;<\/p>\n<p><img loading=\"lazy\" decoding=\"async\" class=\"size-medium wp-image-1227 aligncenter\" src=\"https:\/\/www.blekingeidrottshalsa.se\/wordpress\/wp-content\/uploads\/2020\/01\/12243336_946899152059238_6561689949856353842_n-300x169.jpg\" alt=\"\" width=\"300\" height=\"169\" srcset=\"https:\/\/www.blekingeidrottshalsa.se\/wordpress\/wp-content\/uploads\/2020\/01\/12243336_946899152059238_6561689949856353842_n-300x169.jpg 300w, https:\/\/www.blekingeidrottshalsa.se\/wordpress\/wp-content\/uploads\/2020\/01\/12243336_946899152059238_6561689949856353842_n-768x432.jpg 768w, https:\/\/www.blekingeidrottshalsa.se\/wordpress\/wp-content\/uploads\/2020\/01\/12243336_946899152059238_6561689949856353842_n-150x84.jpg 150w, https:\/\/www.blekingeidrottshalsa.se\/wordpress\/wp-content\/uploads\/2020\/01\/12243336_946899152059238_6561689949856353842_n-250x141.jpg 250w, https:\/\/www.blekingeidrottshalsa.se\/wordpress\/wp-content\/uploads\/2020\/01\/12243336_946899152059238_6561689949856353842_n.jpg 960w\" sizes=\"auto, (max-width: 300px) 100vw, 300px\" \/><\/p>\n<\/div>\n<\/div>\n","protected":false},"excerpt":{"rendered":"<p>Individuell tr\u00e4ningskonsultation K\u00e4nner Du att Du vill satsa p\u00e5 Din h\u00e4lsa och leva ett friskare liv? Vill Du ha hj\u00e4lp med tr\u00e4ningen? Komma ig\u00e5ng eller komma vidare? Har Du best\u00e4mt Dig f\u00f6r att ta Din tr\u00e4ning ett steg l\u00e4ngre och \u00e4r beredd att tr\u00e4na mer f\u00f6r att n\u00e5 upp till&#8230; <a class=\"continue-reading-link\" href=\"https:\/\/www.blekingeidrottshalsa.se\/?page_id=49\"> Continue reading <span class=\"meta-nav\">&rarr; <\/span><\/a><\/p>\n","protected":false},"author":2,"featured_media":0,"parent":21,"menu_order":0,"comment_status":"closed","ping_status":"open","template":"templates\/template-onecolumn.php","meta":{"footnotes":""},"class_list":["post-49","page","type-page","status-publish","hentry"],"_links":{"self":[{"href":"https:\/\/www.blekingeidrottshalsa.se\/index.php?rest_route=\/wp\/v2\/pages\/49","targetHints":{"allow":["GET"]}}],"collection":[{"href":"https:\/\/www.blekingeidrottshalsa.se\/index.php?rest_route=\/wp\/v2\/pages"}],"about":[{"href":"https:\/\/www.blekingeidrottshalsa.se\/index.php?rest_route=\/wp\/v2\/types\/page"}],"author":[{"embeddable":true,"href":"https:\/\/www.blekingeidrottshalsa.se\/index.php?rest_route=\/wp\/v2\/users\/2"}],"replies":[{"embeddable":true,"href":"https:\/\/www.blekingeidrottshalsa.se\/index.php?rest_route=%2Fwp%2Fv2%2Fcomments&post=49"}],"version-history":[{"count":11,"href":"https:\/\/www.blekingeidrottshalsa.se\/index.php?rest_route=\/wp\/v2\/pages\/49\/revisions"}],"predecessor-version":[{"id":1231,"href":"https:\/\/www.blekingeidrottshalsa.se\/index.php?rest_route=\/wp\/v2\/pages\/49\/revisions\/1231"}],"up":[{"embeddable":true,"href":"https:\/\/www.blekingeidrottshalsa.se\/index.php?rest_route=\/wp\/v2\/pages\/21"}],"wp:attachment":[{"href":"https:\/\/www.blekingeidrottshalsa.se\/index.php?rest_route=%2Fwp%2Fv2%2Fmedia&parent=49"}],"curies":[{"name":"wp","href":"https:\/\/api.w.org\/{rel}","templated":true}]}}