{"id":54,"date":"2013-02-04T19:46:37","date_gmt":"2013-02-04T18:46:37","guid":{"rendered":"http:\/\/www.blekingeidrottshalsa.se\/wordpress\/?page_id=54"},"modified":"2021-02-28T13:59:57","modified_gmt":"2021-02-28T12:59:57","slug":"kinesiologitape","status":"publish","type":"page","link":"https:\/\/www.blekingeidrottshalsa.se\/?page_id=54","title":{"rendered":"Kinesiologitape"},"content":{"rendered":"<div id=\"content\">\n<div id=\"text\">\n<p>Sm\u00e4rtlindring och avlastning av muskler och leder.<\/p>\n<p>Pris f\u00f6r behandling och instruktion 480:-<\/p>\n<p>Styckepris tejp: 1 rulle 150:-, 2 rullar 270:-<\/p>\n<p><img loading=\"lazy\" decoding=\"async\" class=\"aligncenter size-medium wp-image-527\" src=\"https:\/\/www.blekingeidrottshalsa.se\/wordpress\/wp-content\/uploads\/2013\/04\/IMG_0359-300x225.jpg\" alt=\"\" width=\"300\" height=\"225\" srcset=\"https:\/\/www.blekingeidrottshalsa.se\/wordpress\/wp-content\/uploads\/2013\/04\/IMG_0359-300x225.jpg 300w, https:\/\/www.blekingeidrottshalsa.se\/wordpress\/wp-content\/uploads\/2013\/04\/IMG_0359-1024x768.jpg 1024w\" sizes=\"auto, (max-width: 300px) 100vw, 300px\" \/><\/p>\n<p><strong>Vad g\u00f6r kinesiotejpen?<\/strong><\/p>\n<p>Kinesiotejp \u00f6verf\u00f6r en s.k &#8221;positiv sensorisk information&#8221; till kroppen och anses p\u00e5 s\u00e5 s\u00e4tt gynna kroppens l\u00e4kningsprocess, utan att den hindrar din r\u00f6rlighet. Tejpen \u00e4r tunn och elastisk samt har en vattenavledande konstruktion, vilket g\u00f6r det m\u00f6jligt att duscha och simma med den utan att du beh\u00f6ver byta tejp dagligen. D\u00e5 tejpen kan sitta p\u00e5 dygnet runt \u00f6kar m\u00f6jligheten till kontinuerlig l\u00e4kprocess vilket kan f\u00f6rkorta rehabiliteringstiden.<\/p>\n<p>Kinesiologitejpen bildar sm\u00e5 veck eller upph\u00f6jningar under huden vid tejpning och d\u00e4rigenom minskar trycket mot sm\u00e4rtomr\u00e5det. Du f\u00e5r en \u00f6kad cirkulation och en sm\u00e4rtlindring uppst\u00e5r.<\/p>\n<p>Kinesiolgitejp kan lindra sm\u00e4rta och l\u00e5ter musklerna slappna av, genom det st\u00f6d den ger. En del idrottare anv\u00e4nder fr\u00e4mst tejpen f\u00f6r att f\u00f6rh\u00f6ja prestanda vid tr\u00e4ning\/t\u00e4vling.<\/p>\n<p><img loading=\"lazy\" decoding=\"async\" class=\"aligncenter wp-image-842\" src=\"https:\/\/www.blekingeidrottshalsa.se\/wordpress\/wp-content\/uploads\/2014\/03\/axelsidan-198x300.jpg\" alt=\"\" width=\"173\" height=\"263\" \/><\/p>\n<p><strong>Vad kan behandlas med Kinesiology Tape?<\/strong><\/p>\n<p>Kinesiology Tape anv\u00e4nds av allt fler kliniker och sjukgymnaster just d\u00e4rf\u00f6r att anv\u00e4ndningsomr\u00e5dena \u00e4r s\u00e5 m\u00e5nga. I Sverige anv\u00e4nds Kinesiology Tape idag till; sp\u00e4nningshuvudv\u00e4rk, migr\u00e4n, frozen shoulder, impingement, nacksp\u00e4rr, muskelv\u00e4rk, l\u00e4ndryggssm\u00e4rtor, ryggskott\/lumbago, b\u00e4ckenbesv\u00e4r, muskelsp\u00e4nning, stukningar, tennisarmb\u00e5ge, golfarmb\u00e5ge,(epicondylit) muskelstr\u00e4ckningar, muskelbristningar, l\u00e5rkaka, piriformis syndrom, whiplashskador, kn\u00e4artros, ledbansskador, mensiskskador, hallux vallgus, droppfot, fingerartros, plantarfacit, compartment syndrome, \u00f6veranstr\u00e4ngda muskler mm.<img loading=\"lazy\" decoding=\"async\" class=\"aligncenter size-medium wp-image-1355\" src=\"https:\/\/www.blekingeidrottshalsa.se\/wordpress\/wp-content\/uploads\/2013\/02\/12304187_946894482059705_8223074502189224695_o-300x225.jpg\" alt=\"\" width=\"300\" height=\"225\" srcset=\"https:\/\/www.blekingeidrottshalsa.se\/wordpress\/wp-content\/uploads\/2013\/02\/12304187_946894482059705_8223074502189224695_o-300x225.jpg 300w, https:\/\/www.blekingeidrottshalsa.se\/wordpress\/wp-content\/uploads\/2013\/02\/12304187_946894482059705_8223074502189224695_o-1024x768.jpg 1024w, https:\/\/www.blekingeidrottshalsa.se\/wordpress\/wp-content\/uploads\/2013\/02\/12304187_946894482059705_8223074502189224695_o-768x576.jpg 768w, https:\/\/www.blekingeidrottshalsa.se\/wordpress\/wp-content\/uploads\/2013\/02\/12304187_946894482059705_8223074502189224695_o-1536x1152.jpg 1536w, https:\/\/www.blekingeidrottshalsa.se\/wordpress\/wp-content\/uploads\/2013\/02\/12304187_946894482059705_8223074502189224695_o-150x113.jpg 150w, https:\/\/www.blekingeidrottshalsa.se\/wordpress\/wp-content\/uploads\/2013\/02\/12304187_946894482059705_8223074502189224695_o-200x150.jpg 200w, https:\/\/www.blekingeidrottshalsa.se\/wordpress\/wp-content\/uploads\/2013\/02\/12304187_946894482059705_8223074502189224695_o.jpg 2048w\" sizes=\"auto, (max-width: 300px) 100vw, 300px\" \/><\/p>\n<p>&nbsp;<\/p>\n<\/div>\n<\/div>\n","protected":false},"excerpt":{"rendered":"<p>Sm\u00e4rtlindring och avlastning av muskler och leder. Pris f\u00f6r behandling och instruktion 480:- Styckepris tejp: 1 rulle 150:-, 2 rullar 270:- Vad g\u00f6r kinesiotejpen? Kinesiotejp \u00f6verf\u00f6r en s.k &#8221;positiv sensorisk information&#8221; till kroppen och anses p\u00e5 s\u00e5 s\u00e4tt gynna kroppens l\u00e4kningsprocess, utan att den hindrar din r\u00f6rlighet. Tejpen \u00e4r tunn&#8230; <a class=\"continue-reading-link\" href=\"https:\/\/www.blekingeidrottshalsa.se\/?page_id=54\"> Continue reading <span class=\"meta-nav\">&rarr; <\/span><\/a><\/p>\n","protected":false},"author":2,"featured_media":0,"parent":21,"menu_order":0,"comment_status":"closed","ping_status":"open","template":"templates\/template-onecolumn.php","meta":{"footnotes":""},"class_list":["post-54","page","type-page","status-publish","hentry"],"_links":{"self":[{"href":"https:\/\/www.blekingeidrottshalsa.se\/index.php?rest_route=\/wp\/v2\/pages\/54","targetHints":{"allow":["GET"]}}],"collection":[{"href":"https:\/\/www.blekingeidrottshalsa.se\/index.php?rest_route=\/wp\/v2\/pages"}],"about":[{"href":"https:\/\/www.blekingeidrottshalsa.se\/index.php?rest_route=\/wp\/v2\/types\/page"}],"author":[{"embeddable":true,"href":"https:\/\/www.blekingeidrottshalsa.se\/index.php?rest_route=\/wp\/v2\/users\/2"}],"replies":[{"embeddable":true,"href":"https:\/\/www.blekingeidrottshalsa.se\/index.php?rest_route=%2Fwp%2Fv2%2Fcomments&post=54"}],"version-history":[{"count":15,"href":"https:\/\/www.blekingeidrottshalsa.se\/index.php?rest_route=\/wp\/v2\/pages\/54\/revisions"}],"predecessor-version":[{"id":1358,"href":"https:\/\/www.blekingeidrottshalsa.se\/index.php?rest_route=\/wp\/v2\/pages\/54\/revisions\/1358"}],"up":[{"embeddable":true,"href":"https:\/\/www.blekingeidrottshalsa.se\/index.php?rest_route=\/wp\/v2\/pages\/21"}],"wp:attachment":[{"href":"https:\/\/www.blekingeidrottshalsa.se\/index.php?rest_route=%2Fwp%2Fv2%2Fmedia&parent=54"}],"curies":[{"name":"wp","href":"https:\/\/api.w.org\/{rel}","templated":true}]}}