{"id":56,"date":"2020-12-16T12:47:03","date_gmt":"2020-12-16T11:47:03","guid":{"rendered":"http:\/\/www.blekingeidrottshalsa.se\/wordpress\/?page_id=56"},"modified":"2021-12-16T14:15:43","modified_gmt":"2021-12-16T13:15:43","slug":"rehab-traning","status":"publish","type":"page","link":"https:\/\/www.blekingeidrottshalsa.se\/?page_id=56","title":{"rendered":"Sjukgymnastik\/rehab"},"content":{"rendered":"<div id=\"content\">\n<div id=\"text\">\n<p>Sjukgymnastik: unders\u00f6kning, behandling och hj\u00e4lp med sm\u00e4rta\/skada.<\/p>\n<\/div>\n<p>&nbsp;<\/p>\n<p>Rehab: unders\u00f6kning, behandling och ett aktuellt status tas vid Ditt f\u00f6rsta bes\u00f6k. Bed\u00f6mningen analyseras f\u00f6r att utforma ett bra tr\u00e4ningsprogram just f\u00f6r dig och din skada. Du f\u00e5r regelbunden uppf\u00f6ljning och stegring av tr\u00e4ningen, allt utifr\u00e5n din specifika skada, m\u00e5ls\u00e4ttning och din tr\u00e4ningsniv\u00e5. <img loading=\"lazy\" decoding=\"async\" class=\"alignright size-medium wp-image-1180\" src=\"https:\/\/www.blekingeidrottshalsa.se\/wordpress\/wp-content\/uploads\/2020\/01\/sport-179x300.jpg\" alt=\"\" width=\"179\" height=\"300\" srcset=\"https:\/\/www.blekingeidrottshalsa.se\/wordpress\/wp-content\/uploads\/2020\/01\/sport-179x300.jpg 179w, https:\/\/www.blekingeidrottshalsa.se\/wordpress\/wp-content\/uploads\/2020\/01\/sport-90x150.jpg 90w, https:\/\/www.blekingeidrottshalsa.se\/wordpress\/wp-content\/uploads\/2020\/01\/sport.jpg 227w\" sizes=\"auto, (max-width: 179px) 100vw, 179px\" \/><\/p>\n<p>Blekinge idrottsh\u00e4lsa hj\u00e4lper dig med en trygg rehabilitering p\u00e5 din v\u00e4g mot att bli frisk.<\/p>\n<p>Pris: 490:-<\/p>\n<\/div>\n","protected":false},"excerpt":{"rendered":"<p>Sjukgymnastik: unders\u00f6kning, behandling och hj\u00e4lp med sm\u00e4rta\/skada. &nbsp; Rehab: unders\u00f6kning, behandling och ett aktuellt status tas vid Ditt f\u00f6rsta bes\u00f6k. Bed\u00f6mningen analyseras f\u00f6r att utforma ett bra tr\u00e4ningsprogram just f\u00f6r dig och din skada. Du f\u00e5r regelbunden uppf\u00f6ljning och stegring av tr\u00e4ningen, allt utifr\u00e5n din specifika skada, m\u00e5ls\u00e4ttning och din&#8230; <a class=\"continue-reading-link\" href=\"https:\/\/www.blekingeidrottshalsa.se\/?page_id=56\"> Continue reading <span class=\"meta-nav\">&rarr; <\/span><\/a><\/p>\n","protected":false},"author":2,"featured_media":0,"parent":21,"menu_order":0,"comment_status":"closed","ping_status":"open","template":"templates\/template-onecolumn.php","meta":{"footnotes":""},"class_list":["post-56","page","type-page","status-publish","hentry"],"_links":{"self":[{"href":"https:\/\/www.blekingeidrottshalsa.se\/index.php?rest_route=\/wp\/v2\/pages\/56","targetHints":{"allow":["GET"]}}],"collection":[{"href":"https:\/\/www.blekingeidrottshalsa.se\/index.php?rest_route=\/wp\/v2\/pages"}],"about":[{"href":"https:\/\/www.blekingeidrottshalsa.se\/index.php?rest_route=\/wp\/v2\/types\/page"}],"author":[{"embeddable":true,"href":"https:\/\/www.blekingeidrottshalsa.se\/index.php?rest_route=\/wp\/v2\/users\/2"}],"replies":[{"embeddable":true,"href":"https:\/\/www.blekingeidrottshalsa.se\/index.php?rest_route=%2Fwp%2Fv2%2Fcomments&post=56"}],"version-history":[{"count":13,"href":"https:\/\/www.blekingeidrottshalsa.se\/index.php?rest_route=\/wp\/v2\/pages\/56\/revisions"}],"predecessor-version":[{"id":1361,"href":"https:\/\/www.blekingeidrottshalsa.se\/index.php?rest_route=\/wp\/v2\/pages\/56\/revisions\/1361"}],"up":[{"embeddable":true,"href":"https:\/\/www.blekingeidrottshalsa.se\/index.php?rest_route=\/wp\/v2\/pages\/21"}],"wp:attachment":[{"href":"https:\/\/www.blekingeidrottshalsa.se\/index.php?rest_route=%2Fwp%2Fv2%2Fmedia&parent=56"}],"curies":[{"name":"wp","href":"https:\/\/api.w.org\/{rel}","templated":true}]}}