{"id":58,"date":"2020-02-13T19:48:22","date_gmt":"2020-02-13T18:48:22","guid":{"rendered":"http:\/\/www.blekingeidrottshalsa.se\/wordpress\/?page_id=58"},"modified":"2025-02-14T12:40:23","modified_gmt":"2025-02-14T11:40:23","slug":"akupunktur","status":"publish","type":"page","link":"https:\/\/www.blekingeidrottshalsa.se\/?page_id=58","title":{"rendered":"Akupunktur, NADA, foglossningsakupunktur"},"content":{"rendered":"<div id=\"content\">\n<div id=\"text\">\n<p><a href=\"http:\/\/www.blekingeidrottshalsa.se\/ombehandlingarna\/akupunktur\/informationsblad\/\">Information vid akupunktur<\/a><\/p>\n<\/div>\n<div>\n<p><a href=\"http:\/\/www.blekingeidrottshalsa.se\/ombehandlingarna\/akupunktur\/infor\/\">Inf\u00f6r Akupunkturbehandling<\/a><\/p>\n<h2><strong>P\u00e5 Blekinge Idrottsh\u00e4lsa erbjuds flera olika sorters akupunktur:<\/strong><\/h2>\n<p>* Akupunktur &#8211; vid sm\u00e4rta, huvudv\u00e4rk, migr\u00e4n, idrottsskador, inflammationer, musarm&#8221;\/epicondylit.<\/p>\n<p>* Triggerpunktsakupunktur &#8211; vid triggerpunkter med utstr\u00e5lande sm\u00e4rta<\/p>\n<p>* NADA-akupunktur &#8211; vid \u00e5ngest, s\u00f6mnst\u00f6rningar,\u00a0beroende mm.<\/p>\n<p>* B\u00e4ckenakupunktur &#8211; f\u00f6r dig som \u00e4r gravid och har b\u00e4ckensm\u00e4rta\/foglossning<\/p>\n<p>* Elakupunktur &#8211; f\u00f6r dig med sv\u00e5rare sm\u00e4rttillst\u00e5nd och besv\u00e4r<\/p>\n<p>Pris 500:-(kv\u00e4lls- och helgpris 600:-)<\/p>\n<p><img loading=\"lazy\" decoding=\"async\" class=\"aligncenter size-medium wp-image-1196\" src=\"https:\/\/www.blekingeidrottshalsa.se\/wordpress\/wp-content\/uploads\/2020\/01\/IMG_20191219_224638_573-300x300.jpg\" alt=\"\" width=\"300\" height=\"300\" srcset=\"https:\/\/www.blekingeidrottshalsa.se\/wordpress\/wp-content\/uploads\/2020\/01\/IMG_20191219_224638_573-300x300.jpg 300w, https:\/\/www.blekingeidrottshalsa.se\/wordpress\/wp-content\/uploads\/2020\/01\/IMG_20191219_224638_573-150x150.jpg 150w, https:\/\/www.blekingeidrottshalsa.se\/wordpress\/wp-content\/uploads\/2020\/01\/IMG_20191219_224638_573-768x768.jpg 768w, https:\/\/www.blekingeidrottshalsa.se\/wordpress\/wp-content\/uploads\/2020\/01\/IMG_20191219_224638_573.jpg 967w\" sizes=\"auto, (max-width: 300px) 100vw, 300px\" \/><\/p>\n<p><strong>Hur g\u00e5r akupunkturbehandling till?<\/strong><\/p>\n<p>Du behandlas helt individuellt. Som exempel behandlas huvudv\u00e4rk olika f\u00f6r var person beroende p\u00e5 var v\u00e4rken sitter och vad personen har f\u00f6r \u00f6vriga sjukdomstecken. En individuell behandling planeras f\u00f6r just Dig och det finns n\u00e4stan aldrig tv\u00e5 patienter som har exakt samma behandlingspunkter!<\/p>\n<p>Vid behandlingen anv\u00e4nds tunna, tunna sterila eng\u00e5ngsn\u00e5lar. N\u00e5larna sitter kvar ca 20 \u2013 30 minuter. Ett vanligt behandlingsintervall \u00e4r en till tv\u00e5 g\u00e5nger\/vecka. Har akupunkturen inte gett n\u00e5gon effekt efter 5 \u2013 6 g\u00e5nger avbryts i regel behandlingen. En behandlingsserie brukar vara ungef\u00e4r 10 behandlingar och anpassas efter hur Du svarar p\u00e5 behandlingen. Vid vissa sm\u00e4rtor kan sedan en vidmakth\u00e5llande behandling ges, kanske en g\u00e5ng per m\u00e5nad eller glesare, f\u00f6r att Du ska f\u00e5 en ih\u00e5llande sm\u00e4rtlindring.<\/p>\n<p><strong>Vad h\u00e4nder i kroppen vid akupunktur?<\/strong><\/p>\n<p>Vetenskapligt bevisat \u00e4r: lokalt runt n\u00e5larna stimuleras l\u00e4kning genom \u00f6kat blodfl\u00f6de och utsl\u00e4pp av speciella hormoner och antiinflammatoriska\u00a0\u00e4mnen (neuropeptider). Kroppens egna sm\u00e4rtstillande \u00e4mnen, bl.a. endorfiner, fris\u00e4tts, vilket g\u00f6r att k\u00e4nsligheten f\u00f6r sm\u00e4rta minskar. Sm\u00e4rtimpulser i nervbanor till hj\u00e4rnan blockeras ocks\u00e5 delvis, vilket ger minskad sm\u00e4rtupplevelse och Du kan p\u00e5b\u00f6rja rehabilitering snabbare.<\/p>\n<p><strong>Inf\u00f6r akupunkturbehandling<\/strong><\/p>\n<p>F\u00f6r att garantera Din s\u00e4kerhet och f\u00f6r att ge Dig en s\u00e4ker akupunkturbehandling, ska Du fylla i nedanst\u00e5ende fr\u00e5geformul\u00e4r inf\u00f6r Din f\u00f6rsta behandling.<\/p>\n<p>Det \u00e4r givetvis viktigt att Du informerar Din behandlande sjukgymnast p\u00e5 Blekinge Idrottsh\u00e4lsa, om n\u00e5got av nedanst\u00e5ende svar skulle \u00e4ndras under tiden som Din behandling p\u00e5g\u00e5r.<img loading=\"lazy\" decoding=\"async\" class=\"aligncenter size-medium wp-image-1220\" src=\"https:\/\/www.blekingeidrottshalsa.se\/wordpress\/wp-content\/uploads\/2020\/01\/11270668_849182298497591_2614668009902069489_o-300x177.jpg\" alt=\"\" width=\"300\" height=\"177\" srcset=\"https:\/\/www.blekingeidrottshalsa.se\/wordpress\/wp-content\/uploads\/2020\/01\/11270668_849182298497591_2614668009902069489_o-300x177.jpg 300w, https:\/\/www.blekingeidrottshalsa.se\/wordpress\/wp-content\/uploads\/2020\/01\/11270668_849182298497591_2614668009902069489_o-1024x603.jpg 1024w, https:\/\/www.blekingeidrottshalsa.se\/wordpress\/wp-content\/uploads\/2020\/01\/11270668_849182298497591_2614668009902069489_o-768x452.jpg 768w, https:\/\/www.blekingeidrottshalsa.se\/wordpress\/wp-content\/uploads\/2020\/01\/11270668_849182298497591_2614668009902069489_o-1536x904.jpg 1536w, https:\/\/www.blekingeidrottshalsa.se\/wordpress\/wp-content\/uploads\/2020\/01\/11270668_849182298497591_2614668009902069489_o-150x88.jpg 150w, https:\/\/www.blekingeidrottshalsa.se\/wordpress\/wp-content\/uploads\/2020\/01\/11270668_849182298497591_2614668009902069489_o-250x147.jpg 250w, https:\/\/www.blekingeidrottshalsa.se\/wordpress\/wp-content\/uploads\/2020\/01\/11270668_849182298497591_2614668009902069489_o.jpg 1544w\" sizes=\"auto, (max-width: 300px) 100vw, 300px\" \/><\/p>\n<\/div>\n<h1>Akupunktur f\u00f6r gravida eller f\u00f6r Dig med b\u00e4ckenproblem<\/h1>\n<p>Har Du problem med rygg- och b\u00e4ckensm\u00e4rta under eller efter graviditet? Det finns hj\u00e4lp att f\u00e5 hos Blekinge Idrottsh\u00e4lsa! Jag har s\u00e4rskild utbildning och kompetens f\u00f6r akupunktur f\u00f6r Dig som \u00e4r gravid och har b\u00e4ckenrelaterade besv\u00e4r.<\/p>\n<p>Tag kontakt med Anna p\u00e5 Blekinge Idrottsh\u00e4lsa f\u00f6r mer information!<\/p>\n<p><img loading=\"lazy\" decoding=\"async\" class=\"aligncenter size-medium wp-image-766\" src=\"https:\/\/www.blekingeidrottshalsa.se\/wordpress\/wp-content\/uploads\/2013\/10\/DSC_1379-300x168.jpg\" alt=\"\" width=\"300\" height=\"168\" srcset=\"https:\/\/www.blekingeidrottshalsa.se\/wordpress\/wp-content\/uploads\/2013\/10\/DSC_1379-300x168.jpg 300w, https:\/\/www.blekingeidrottshalsa.se\/wordpress\/wp-content\/uploads\/2013\/10\/DSC_1379-1024x576.jpg 1024w\" sizes=\"auto, (max-width: 300px) 100vw, 300px\" \/><\/p>\n<\/div>\n","protected":false},"excerpt":{"rendered":"<p>Information vid akupunktur Inf\u00f6r Akupunkturbehandling P\u00e5 Blekinge Idrottsh\u00e4lsa erbjuds flera olika sorters akupunktur: * Akupunktur &#8211; vid sm\u00e4rta, huvudv\u00e4rk, migr\u00e4n, idrottsskador, inflammationer, musarm&#8221;\/epicondylit. * Triggerpunktsakupunktur &#8211; vid triggerpunkter med utstr\u00e5lande sm\u00e4rta * NADA-akupunktur &#8211; vid \u00e5ngest, s\u00f6mnst\u00f6rningar,\u00a0beroende mm. * B\u00e4ckenakupunktur &#8211; f\u00f6r dig som \u00e4r gravid och har b\u00e4ckensm\u00e4rta\/foglossning *&#8230; <a class=\"continue-reading-link\" href=\"https:\/\/www.blekingeidrottshalsa.se\/?page_id=58\"> Continue reading <span class=\"meta-nav\">&rarr; <\/span><\/a><\/p>\n","protected":false},"author":2,"featured_media":0,"parent":21,"menu_order":0,"comment_status":"closed","ping_status":"open","template":"templates\/template-onecolumn.php","meta":{"footnotes":""},"class_list":["post-58","page","type-page","status-publish","hentry"],"_links":{"self":[{"href":"https:\/\/www.blekingeidrottshalsa.se\/index.php?rest_route=\/wp\/v2\/pages\/58","targetHints":{"allow":["GET"]}}],"collection":[{"href":"https:\/\/www.blekingeidrottshalsa.se\/index.php?rest_route=\/wp\/v2\/pages"}],"about":[{"href":"https:\/\/www.blekingeidrottshalsa.se\/index.php?rest_route=\/wp\/v2\/types\/page"}],"author":[{"embeddable":true,"href":"https:\/\/www.blekingeidrottshalsa.se\/index.php?rest_route=\/wp\/v2\/users\/2"}],"replies":[{"embeddable":true,"href":"https:\/\/www.blekingeidrottshalsa.se\/index.php?rest_route=%2Fwp%2Fv2%2Fcomments&post=58"}],"version-history":[{"count":15,"href":"https:\/\/www.blekingeidrottshalsa.se\/index.php?rest_route=\/wp\/v2\/pages\/58\/revisions"}],"predecessor-version":[{"id":1374,"href":"https:\/\/www.blekingeidrottshalsa.se\/index.php?rest_route=\/wp\/v2\/pages\/58\/revisions\/1374"}],"up":[{"embeddable":true,"href":"https:\/\/www.blekingeidrottshalsa.se\/index.php?rest_route=\/wp\/v2\/pages\/21"}],"wp:attachment":[{"href":"https:\/\/www.blekingeidrottshalsa.se\/index.php?rest_route=%2Fwp%2Fv2%2Fmedia&parent=58"}],"curies":[{"name":"wp","href":"https:\/\/api.w.org\/{rel}","templated":true}]}}