{"id":60,"date":"2013-02-04T19:48:45","date_gmt":"2013-02-04T18:48:45","guid":{"rendered":"http:\/\/www.blekingeidrottshalsa.se\/wordpress\/?page_id=60"},"modified":"2020-01-12T10:23:27","modified_gmt":"2020-01-12T09:23:27","slug":"informationsblad-vid-akupunkturbehandling","status":"publish","type":"page","link":"https:\/\/www.blekingeidrottshalsa.se\/?page_id=60","title":{"rendered":"Informationsblad vid akupunkturbehandling"},"content":{"rendered":"<div id=\"content\">\n<div id=\"text\">\n<h3>Vad \u00e4r akupunktur?<\/h3>\n<p>Akupunktur \u00e4r en terapeutisk metod f\u00f6r lindring av sm\u00e4rta och andra symtom. Vid behandlingen sticks tunna n\u00e5lar in i speciella punkter. Akupunktur \u00e4r en behandlingsmetod som utvecklades f\u00f6r flera tusen \u00e5r sedan i Kina. I Sverige godk\u00e4ndes akupunktur som behandlingsmetod av Socialstyrelsen 1984. Idag anv\u00e4nds akupunktur som symptomlindring mot flera olika besv\u00e4r och sm\u00e4rtor, d\u00e4r det finns bevisad vetenskap och bepr\u00f6vad erfarenhet.<\/p>\n<h3>F\u00f6rsta behandlingstillf\u00e4llet<\/h3>\n<p>N\u00e4r Du kommer f\u00f6rsta g\u00e5ngen f\u00f6r behandling, f\u00e5r Du fylla i ett fr\u00e5geformul\u00e4r att fylla i. Detta anv\u00e4nds sedan p\u00e5 ett anamnessamtal, d\u00e5 vi pratar igenom Dina svar i fr\u00e5geformul\u00e4ret och Du f\u00e5r ber\u00e4tta om Dina besv\u00e4r. Utifr\u00e5n detta samtal v\u00e4ljs de mest effektiva akupunkturpunkterna ut och en individuell behandling planeras f\u00f6r just Dig.<\/p>\n<h3>Hur g\u00e5r akupunkturbehandling till?<\/h3>\n<p>Sterila eng\u00e5ngsn\u00e5lar anv\u00e4nds och s\u00e4tts i det sm\u00e4rtande omr\u00e5det, ofta anv\u00e4nds ocks\u00e5 n\u00e5lar i armar och\/eller ben f\u00f6r att f\u00f6rst\u00e4rka akupunktureffekten. N\u00e5larna sitter kvar ca 20 \u2013 30 minuter. Ett vanligt behandlingsintervall \u00e4r en till tv\u00e5 g\u00e5nger\/vecka. Har akupunkturen inte gett n\u00e5gon effekt efter 5 \u2013 6 g\u00e5nger avbryts i regel behandlingen. En behandlingsserie brukar vara ungef\u00e4r 10 behandlingar och anpassas efter hur Du svarar p\u00e5 behandlingen. Vid vissa sm\u00e4rtor kan sedan en vidmakth\u00e5llande behandling ges, kanske en g\u00e5ng per m\u00e5nad eller glesare, f\u00f6r att Du ska f\u00e5 en ih\u00e5llande sm\u00e4rtlindring.<\/p>\n<h3>Hur k\u00e4nns det?<\/h3>\n<p>Akupunktur ska inte g\u00f6ra ont! N\u00e4r n\u00e5len g\u00e5r genom huden sticker det till lite, men d\u00e4refter ska man inte k\u00e4nna obehag. Vid aktivering, d.v.s. d\u00e5 behandlaren snurrar p\u00e5 n\u00e5len, upplevs en speciell k\u00e4nsla som kallas De-Qi och denna k\u00e4nsla s\u00e4tts i samband med effekten av akupunkturen. K\u00e4nslan \u00e4r olika f\u00f6r varje patient och kan beskrivas som tryck, domning, ilande k\u00e4nsla, kittlande k\u00e4nsla, en fyllnadsk\u00e4nsla, tr\u00e4ningsv\u00e4rk, v\u00e4rmespridning eller kyla mm<\/p>\n<h3>Vad h\u00e4nder i kroppen vid akupunktur?<\/h3>\n<p>Vetenskapligt bevisat \u00e4r: Lokalt runt n\u00e5larna stimuleras l\u00e4kning genom \u00f6kat blodfl\u00f6de och utsl\u00e4pp av speciella hormoner och antiinflammatoriska \u00e4mnen (neuropeptider). Kroppens egna sm\u00e4rtstillande \u00e4mnen, bl.a. endorfiner, fris\u00e4tts, vilket g\u00f6r att k\u00e4nsligheten f\u00f6r sm\u00e4rta minskar. Sm\u00e4rtimpulser i nervbanor till hj\u00e4rnan blockeras ocks\u00e5 delvis.<\/p>\n<p><center><img decoding=\"async\" src=\"http:\/\/www.blekingeidrottshalsa.se\/ombehandlingarna\/akupunktur\/xakp1.jpg.pagespeed.ic.uNYdayI1L5.jpg\" alt=\"\" \/><\/center><\/p>\n<h3>Har akupunktur n\u00e5gra biverkningar eller risker?<\/h3>\n<p>J\u00e4mf\u00f6rt med andra behandlingsmetoder inklusive l\u00e4kemedelsbehandling, har akupunktur j\u00e4mf\u00f6relsevis f\u00e5 biverkningar och risker. Allra vanligaste biverkningarna efter akupunktur \u00e4r tr\u00f6tthet och d\u00e5sighet. En del kan ocks\u00e5 f\u00e5 lite yrsel, illam\u00e5ende, svettning eller blodtrycksfall.<\/p>\n<p>En annan biverkning \u00e4r tillf\u00e4lligt f\u00f6rv\u00e4rrad sm\u00e4rta, vilket \u00e4r sm\u00e4rtsamt men vilket brukar vara ett gott tecken p\u00e5 att Du kan reagera bra p\u00e5 behandlingen fram\u00f6ver. Det \u00e4r viktigt att Du som patient rapporterar till behandlaren hur Du m\u00e5tt efter behandlingen, eftersom detta avg\u00f6r hur man g\u00e5r vidare. Det \u00e4r \u00e4ven viktigt att om Du varit sjuk eller m\u00e5tt d\u00e5ligt p\u00e5 annat s\u00e4tt sedan f\u00f6reg\u00e5ende behandling ber\u00e4ttar detta f\u00f6r Din behandlare, f\u00f6r att p\u00e5 s\u00e5 s\u00e4tt undvika att Du f\u00e5r n\u00e5gon biverkning av akupunkturen.<\/p>\n<p>Vid djup akupunktur \u00f6ver br\u00f6stets framsida eller i br\u00f6stryggen kan det finnas risk f\u00f6r skada p\u00e5 lungan. Detta \u00e4r en mycket s\u00e4llan f\u00f6rekommande komplikation, men f\u00f6r Din s\u00e4kerhet b\u00f6r Du k\u00e4nna till detta. Skulle Du f\u00e5 andningssv\u00e5righeter eller andningssm\u00e4rta n\u00e5gra timmar efter akupunkturbehandling, \u00e4r det viktigt att Du kontaktar Din behandlare eller akutsjukv\u00e5rden omedelbart.<\/p>\n<h3>Efter behandlingen<\/h3>\n<p>Du kan bli tr\u00f6tt och d\u00e5sig av behandlingen. Det \u00e4r d\u00e4rf\u00f6r bra Du har m\u00f6jlighet till avkoppling och vila efter akupunkturbehandlingen. Du rekommenderas <strong>stor f\u00f6rsiktighet med bilk\u00f6rning direkt efter akupunktur! <\/strong><br \/>\nDu b\u00f6r ocks\u00e5 undvika kraftig fysisk anstr\u00e4ngning, bastubad eller bubbelbad samma dag.<\/p>\n<h3>T\u00e4nk p\u00e5 att\u2026\u2026.<\/h3>\n<p>Det finns inga dumma fr\u00e5gor, bara dumma svar! \u00c4r det n\u00e5got Du undrar \u00f6ver ang\u00e5ende Din akupunkturbehandling, \u00e4r Du alltid v\u00e4lkommen att kontakta Din behandlande sjukgymnast!<\/p>\n<p><center><img decoding=\"async\" src=\"http:\/\/www.blekingeidrottshalsa.se\/ombehandlingarna\/akupunktur\/xakp2.jpg.pagespeed.ic._Us51cDVZC.jpg\" alt=\"\" \/><\/center><\/div>\n<\/div>\n","protected":false},"excerpt":{"rendered":"<p>Vad \u00e4r akupunktur? Akupunktur \u00e4r en terapeutisk metod f\u00f6r lindring av sm\u00e4rta och andra symtom. Vid behandlingen sticks tunna n\u00e5lar in i speciella punkter. Akupunktur \u00e4r en behandlingsmetod som utvecklades f\u00f6r flera tusen \u00e5r sedan i Kina. I Sverige godk\u00e4ndes akupunktur som behandlingsmetod av Socialstyrelsen 1984. Idag anv\u00e4nds akupunktur som&#8230; <a class=\"continue-reading-link\" href=\"https:\/\/www.blekingeidrottshalsa.se\/?page_id=60\"> Continue reading <span class=\"meta-nav\">&rarr; <\/span><\/a><\/p>\n","protected":false},"author":2,"featured_media":0,"parent":58,"menu_order":0,"comment_status":"closed","ping_status":"open","template":"templates\/template-onecolumn.php","meta":{"footnotes":""},"class_list":["post-60","page","type-page","status-publish","hentry"],"_links":{"self":[{"href":"https:\/\/www.blekingeidrottshalsa.se\/index.php?rest_route=\/wp\/v2\/pages\/60","targetHints":{"allow":["GET"]}}],"collection":[{"href":"https:\/\/www.blekingeidrottshalsa.se\/index.php?rest_route=\/wp\/v2\/pages"}],"about":[{"href":"https:\/\/www.blekingeidrottshalsa.se\/index.php?rest_route=\/wp\/v2\/types\/page"}],"author":[{"embeddable":true,"href":"https:\/\/www.blekingeidrottshalsa.se\/index.php?rest_route=\/wp\/v2\/users\/2"}],"replies":[{"embeddable":true,"href":"https:\/\/www.blekingeidrottshalsa.se\/index.php?rest_route=%2Fwp%2Fv2%2Fcomments&post=60"}],"version-history":[{"count":5,"href":"https:\/\/www.blekingeidrottshalsa.se\/index.php?rest_route=\/wp\/v2\/pages\/60\/revisions"}],"predecessor-version":[{"id":1091,"href":"https:\/\/www.blekingeidrottshalsa.se\/index.php?rest_route=\/wp\/v2\/pages\/60\/revisions\/1091"}],"up":[{"embeddable":true,"href":"https:\/\/www.blekingeidrottshalsa.se\/index.php?rest_route=\/wp\/v2\/pages\/58"}],"wp:attachment":[{"href":"https:\/\/www.blekingeidrottshalsa.se\/index.php?rest_route=%2Fwp%2Fv2%2Fmedia&parent=60"}],"curies":[{"name":"wp","href":"https:\/\/api.w.org\/{rel}","templated":true}]}}