{"id":62,"date":"2013-02-04T19:49:20","date_gmt":"2013-02-04T18:49:20","guid":{"rendered":"http:\/\/www.blekingeidrottshalsa.se\/wordpress\/?page_id=62"},"modified":"2020-01-12T10:23:03","modified_gmt":"2020-01-12T09:23:03","slug":"infor-akupunkturbehandling","status":"publish","type":"page","link":"https:\/\/www.blekingeidrottshalsa.se\/?page_id=62","title":{"rendered":"Inf\u00f6r Akupunkturbehandling"},"content":{"rendered":"<p><strong>F\u00f6r att garantera Din s\u00e4kerhet och f\u00f6r att ge Dig en s\u00e4ker akupunkturbehandling, vill jag att Du fyller i nedanst\u00e5ende fr\u00e5geformul\u00e4r inf\u00f6r Din f\u00f6rsta akupunkturbehandling.<\/strong><\/p>\n<p>Det \u00e4r givetvis viktigt att Du sj\u00e4lv informerar mig om n\u00e5got av nedanst\u00e5ende svar skulle \u00e4ndras under tiden som Din behandling p\u00e5g\u00e5r f\u00f6r att Du ska f\u00e5 en korrekt behandling.<\/p>\n<p><img loading=\"lazy\" decoding=\"async\" src=\"http:\/\/www.blekingeidrottshalsa.se\/img\/520x727xinfor_akupunktur.jpg.pagespeed.ic.XXRjUyvS1Y.jpg\" alt=\"inf\u00f6r\" width=\"520\" height=\"727\" \/><\/p>\n","protected":false},"excerpt":{"rendered":"<p>F\u00f6r att garantera Din s\u00e4kerhet och f\u00f6r att ge Dig en s\u00e4ker akupunkturbehandling, vill jag att Du fyller i nedanst\u00e5ende fr\u00e5geformul\u00e4r inf\u00f6r Din f\u00f6rsta akupunkturbehandling. Det \u00e4r givetvis viktigt att Du sj\u00e4lv informerar mig om n\u00e5got av nedanst\u00e5ende svar skulle \u00e4ndras under tiden som Din behandling p\u00e5g\u00e5r f\u00f6r att Du&#8230; <a class=\"continue-reading-link\" href=\"https:\/\/www.blekingeidrottshalsa.se\/?page_id=62\"> Continue reading <span class=\"meta-nav\">&rarr; <\/span><\/a><\/p>\n","protected":false},"author":2,"featured_media":0,"parent":58,"menu_order":0,"comment_status":"closed","ping_status":"open","template":"templates\/template-onecolumn.php","meta":{"footnotes":""},"class_list":["post-62","page","type-page","status-publish","hentry"],"_links":{"self":[{"href":"https:\/\/www.blekingeidrottshalsa.se\/index.php?rest_route=\/wp\/v2\/pages\/62","targetHints":{"allow":["GET"]}}],"collection":[{"href":"https:\/\/www.blekingeidrottshalsa.se\/index.php?rest_route=\/wp\/v2\/pages"}],"about":[{"href":"https:\/\/www.blekingeidrottshalsa.se\/index.php?rest_route=\/wp\/v2\/types\/page"}],"author":[{"embeddable":true,"href":"https:\/\/www.blekingeidrottshalsa.se\/index.php?rest_route=\/wp\/v2\/users\/2"}],"replies":[{"embeddable":true,"href":"https:\/\/www.blekingeidrottshalsa.se\/index.php?rest_route=%2Fwp%2Fv2%2Fcomments&post=62"}],"version-history":[{"count":4,"href":"https:\/\/www.blekingeidrottshalsa.se\/index.php?rest_route=\/wp\/v2\/pages\/62\/revisions"}],"predecessor-version":[{"id":1089,"href":"https:\/\/www.blekingeidrottshalsa.se\/index.php?rest_route=\/wp\/v2\/pages\/62\/revisions\/1089"}],"up":[{"embeddable":true,"href":"https:\/\/www.blekingeidrottshalsa.se\/index.php?rest_route=\/wp\/v2\/pages\/58"}],"wp:attachment":[{"href":"https:\/\/www.blekingeidrottshalsa.se\/index.php?rest_route=%2Fwp%2Fv2%2Fmedia&parent=62"}],"curies":[{"name":"wp","href":"https:\/\/api.w.org\/{rel}","templated":true}]}}