{"id":841,"date":"2014-03-13T03:13:38","date_gmt":"2014-03-13T02:13:38","guid":{"rendered":"http:\/\/www.blekingeidrottshalsa.se\/?page_id=841"},"modified":"2020-01-12T10:21:34","modified_gmt":"2020-01-12T09:21:34","slug":"kinesiologytapekurs-140309","status":"publish","type":"page","link":"https:\/\/www.blekingeidrottshalsa.se\/?page_id=841","title":{"rendered":"Kinesiologytapekurs 140309"},"content":{"rendered":"<p>S\u00f6ndagen den 9 mars var en h\u00e4rlig v\u00e5rdag med str\u00e5lande solsken.<\/p>\n<p>Ett g\u00e4ng glada deltagare tejpade under hela eftermiddagen och kunde i slutet av dagen tejpa allt fr\u00e5n golfarmb\u00e5ge till l\u00f6parkn\u00e4!<\/p>\n<p style=\"text-align: center;\"><a href=\"http:\/\/www.blekingeidrottshalsa.se\/?attachment_id=849\" rel=\"attachment wp-att-849\"><img loading=\"lazy\" decoding=\"async\" src=\"http:\/\/www.blekingeidrottshalsa.se\/wordpress\/wp-content\/uploads\/2014\/03\/LOPARKNA-300x283.jpg\" alt=\"\" width=\"300\" height=\"283\" \/><\/a><\/p>\n<p>&nbsp;<\/p>\n<p><a href=\"http:\/\/www.blekingeidrottshalsa.se\/?attachment_id=842\" rel=\"attachment wp-att-842\"><img loading=\"lazy\" decoding=\"async\" class=\"aligncenter size-medium wp-image-842\" src=\"http:\/\/www.blekingeidrottshalsa.se\/wordpress\/wp-content\/uploads\/2014\/03\/axelsidan-198x300.jpg\" alt=\"\" width=\"198\" height=\"300\" srcset=\"https:\/\/www.blekingeidrottshalsa.se\/wordpress\/wp-content\/uploads\/2014\/03\/axelsidan-198x300.jpg 198w, https:\/\/www.blekingeidrottshalsa.se\/wordpress\/wp-content\/uploads\/2014\/03\/axelsidan.jpg 382w\" sizes=\"auto, (max-width: 198px) 100vw, 198px\" \/><\/a><\/p>\n<p>&nbsp;<\/p>\n<p><a href=\"http:\/\/www.blekingeidrottshalsa.se\/?attachment_id=843\" rel=\"attachment wp-att-843\"><img loading=\"lazy\" decoding=\"async\" class=\"aligncenter size-medium wp-image-843\" src=\"http:\/\/www.blekingeidrottshalsa.se\/wordpress\/wp-content\/uploads\/2014\/03\/golfarmb\u00e5ge-300x225.jpg\" alt=\"\" width=\"300\" height=\"225\" srcset=\"https:\/\/www.blekingeidrottshalsa.se\/wordpress\/wp-content\/uploads\/2014\/03\/golfarmb\u00e5ge-300x225.jpg 300w, https:\/\/www.blekingeidrottshalsa.se\/wordpress\/wp-content\/uploads\/2014\/03\/golfarmb\u00e5ge-1024x768.jpg 1024w\" sizes=\"auto, (max-width: 300px) 100vw, 300px\" \/><\/a><\/p>\n<p>&nbsp;<\/p>\n<p><a href=\"http:\/\/www.blekingeidrottshalsa.se\/?attachment_id=844\" rel=\"attachment wp-att-844\"><img loading=\"lazy\" decoding=\"async\" class=\"aligncenter size-medium wp-image-844\" src=\"http:\/\/www.blekingeidrottshalsa.se\/wordpress\/wp-content\/uploads\/2014\/03\/knaaa-273x300.jpg\" alt=\"\" width=\"273\" height=\"300\" srcset=\"https:\/\/www.blekingeidrottshalsa.se\/wordpress\/wp-content\/uploads\/2014\/03\/knaaa-273x300.jpg 273w, https:\/\/www.blekingeidrottshalsa.se\/wordpress\/wp-content\/uploads\/2014\/03\/knaaa.jpg 486w\" sizes=\"auto, (max-width: 273px) 100vw, 273px\" \/><\/a><\/p>\n<p>&nbsp;<\/p>\n<p>&nbsp;<\/p>\n<p>&nbsp;<\/p>\n<p><a href=\"http:\/\/www.blekingeidrottshalsa.se\/?attachment_id=846\" rel=\"attachment wp-att-846\"><img loading=\"lazy\" decoding=\"async\" class=\"aligncenter size-medium wp-image-846\" src=\"http:\/\/www.blekingeidrottshalsa.se\/wordpress\/wp-content\/uploads\/2014\/03\/sidanrevben-217x300.jpg\" alt=\"\" width=\"217\" height=\"300\" srcset=\"https:\/\/www.blekingeidrottshalsa.se\/wordpress\/wp-content\/uploads\/2014\/03\/sidanrevben-217x300.jpg 217w, https:\/\/www.blekingeidrottshalsa.se\/wordpress\/wp-content\/uploads\/2014\/03\/sidanrevben.jpg 403w\" sizes=\"auto, (max-width: 217px) 100vw, 217px\" \/><\/a><\/p>\n<p>&nbsp;<\/p>\n<p><a href=\"http:\/\/www.blekingeidrottshalsa.se\/?attachment_id=848\" rel=\"attachment wp-att-848\"><img loading=\"lazy\" decoding=\"async\" class=\"aligncenter size-medium wp-image-848\" src=\"http:\/\/www.blekingeidrottshalsa.se\/wordpress\/wp-content\/uploads\/2014\/03\/KNAET-225x300.jpg\" alt=\"\" width=\"225\" height=\"300\" srcset=\"https:\/\/www.blekingeidrottshalsa.se\/wordpress\/wp-content\/uploads\/2014\/03\/KNAET-225x300.jpg 225w, https:\/\/www.blekingeidrottshalsa.se\/wordpress\/wp-content\/uploads\/2014\/03\/KNAET-768x1024.jpg 768w\" sizes=\"auto, (max-width: 225px) 100vw, 225px\" \/><\/a><\/p>\n<p>&nbsp;<\/p>\n<p>&nbsp;<\/p>\n<p>&nbsp;<\/p>\n<p><a href=\"http:\/\/www.blekingeidrottshalsa.se\/?attachment_id=850\" rel=\"attachment wp-att-850\"><img loading=\"lazy\" decoding=\"async\" class=\"aligncenter size-medium wp-image-850\" src=\"http:\/\/www.blekingeidrottshalsa.se\/wordpress\/wp-content\/uploads\/2014\/03\/NACKE-300x225.jpg\" alt=\"\" width=\"300\" height=\"225\" srcset=\"https:\/\/www.blekingeidrottshalsa.se\/wordpress\/wp-content\/uploads\/2014\/03\/NACKE-300x225.jpg 300w, https:\/\/www.blekingeidrottshalsa.se\/wordpress\/wp-content\/uploads\/2014\/03\/NACKE-1024x768.jpg 1024w\" sizes=\"auto, (max-width: 300px) 100vw, 300px\" \/><\/a><\/p>\n<p>&nbsp;<\/p>\n<p><a href=\"http:\/\/www.blekingeidrottshalsa.se\/?attachment_id=851\" rel=\"attachment wp-att-851\"><img loading=\"lazy\" decoding=\"async\" class=\"aligncenter size-medium wp-image-851\" src=\"http:\/\/www.blekingeidrottshalsa.se\/wordpress\/wp-content\/uploads\/2014\/03\/tennisarmb\u00e5ge-209x300.jpg\" alt=\"\" width=\"209\" height=\"300\" srcset=\"https:\/\/www.blekingeidrottshalsa.se\/wordpress\/wp-content\/uploads\/2014\/03\/tennisarmb\u00e5ge-209x300.jpg 209w, https:\/\/www.blekingeidrottshalsa.se\/wordpress\/wp-content\/uploads\/2014\/03\/tennisarmb\u00e5ge.jpg 399w\" sizes=\"auto, (max-width: 209px) 100vw, 209px\" \/><\/a><\/p>\n<p><a href=\"http:\/\/www.blekingeidrottshalsa.se\/?attachment_id=845\" rel=\"attachment wp-att-845\"><img loading=\"lazy\" decoding=\"async\" class=\"aligncenter\" src=\"http:\/\/www.blekingeidrottshalsa.se\/wordpress\/wp-content\/uploads\/2014\/03\/KLIPPKNA-213x300.jpg\" alt=\"\" width=\"213\" height=\"300\" \/><\/a><\/p>\n<p><a href=\"http:\/\/www.blekingeidrottshalsa.se\/?attachment_id=852\" rel=\"attachment wp-att-852\"><img loading=\"lazy\" decoding=\"async\" class=\"aligncenter size-medium wp-image-852\" src=\"http:\/\/www.blekingeidrottshalsa.se\/wordpress\/wp-content\/uploads\/2014\/03\/STABILITETAXEL-225x300.jpg\" alt=\"\" width=\"225\" height=\"300\" srcset=\"https:\/\/www.blekingeidrottshalsa.se\/wordpress\/wp-content\/uploads\/2014\/03\/STABILITETAXEL-225x300.jpg 225w, https:\/\/www.blekingeidrottshalsa.se\/wordpress\/wp-content\/uploads\/2014\/03\/STABILITETAXEL-768x1024.jpg 768w\" sizes=\"auto, (max-width: 225px) 100vw, 225px\" \/><\/a><\/p>\n<p>&nbsp;<\/p>\n<p><a href=\"http:\/\/www.blekingeidrottshalsa.se\/?attachment_id=853\" rel=\"attachment wp-att-853\"><img loading=\"lazy\" decoding=\"async\" class=\"aligncenter size-medium wp-image-853\" src=\"http:\/\/www.blekingeidrottshalsa.se\/wordpress\/wp-content\/uploads\/2014\/03\/VADEN-94x300.jpg\" alt=\"\" width=\"94\" height=\"300\" \/><\/a><\/p>\n<p>&nbsp;<\/p>\n<p><a href=\"http:\/\/www.blekingeidrottshalsa.se\/?attachment_id=854\" rel=\"attachment wp-att-854\"><img loading=\"lazy\" decoding=\"async\" class=\"aligncenter size-medium wp-image-854\" src=\"http:\/\/www.blekingeidrottshalsa.se\/wordpress\/wp-content\/uploads\/2014\/03\/IMG_1744-300x225.jpg\" alt=\"\" width=\"300\" height=\"225\" srcset=\"https:\/\/www.blekingeidrottshalsa.se\/wordpress\/wp-content\/uploads\/2014\/03\/IMG_1744-300x225.jpg 300w, https:\/\/www.blekingeidrottshalsa.se\/wordpress\/wp-content\/uploads\/2014\/03\/IMG_1744-1024x768.jpg 1024w\" sizes=\"auto, (max-width: 300px) 100vw, 300px\" \/><\/a><\/p>\n<p>&nbsp;<\/p>\n<p><a href=\"http:\/\/www.blekingeidrottshalsa.se\/?attachment_id=855\" rel=\"attachment wp-att-855\"><img loading=\"lazy\" decoding=\"async\" class=\"aligncenter size-medium wp-image-855\" src=\"http:\/\/www.blekingeidrottshalsa.se\/wordpress\/wp-content\/uploads\/2014\/03\/HAND-168x300.jpg\" alt=\"\" width=\"168\" height=\"300\" srcset=\"https:\/\/www.blekingeidrottshalsa.se\/wordpress\/wp-content\/uploads\/2014\/03\/HAND-168x300.jpg 168w, https:\/\/www.blekingeidrottshalsa.se\/wordpress\/wp-content\/uploads\/2014\/03\/HAND-576x1024.jpg 576w, https:\/\/www.blekingeidrottshalsa.se\/wordpress\/wp-content\/uploads\/2014\/03\/HAND.jpg 1836w\" sizes=\"auto, (max-width: 168px) 100vw, 168px\" \/><\/a><\/p>\n<p>&nbsp;<\/p>\n<p>&nbsp;<\/p>\n","protected":false},"excerpt":{"rendered":"<p>S\u00f6ndagen den 9 mars var en h\u00e4rlig v\u00e5rdag med str\u00e5lande solsken. Ett g\u00e4ng glada deltagare tejpade under hela eftermiddagen och kunde i slutet av dagen tejpa allt fr\u00e5n golfarmb\u00e5ge till l\u00f6parkn\u00e4! &nbsp; &nbsp; &nbsp; &nbsp; &nbsp; &nbsp; &nbsp; &nbsp; &nbsp; &nbsp; &nbsp; &nbsp; &nbsp; &nbsp; &nbsp; &nbsp;<\/p>\n","protected":false},"author":2,"featured_media":0,"parent":0,"menu_order":0,"comment_status":"open","ping_status":"open","template":"templates\/template-onecolumn.php","meta":{"footnotes":""},"class_list":["post-841","page","type-page","status-publish","hentry"],"_links":{"self":[{"href":"https:\/\/www.blekingeidrottshalsa.se\/index.php?rest_route=\/wp\/v2\/pages\/841","targetHints":{"allow":["GET"]}}],"collection":[{"href":"https:\/\/www.blekingeidrottshalsa.se\/index.php?rest_route=\/wp\/v2\/pages"}],"about":[{"href":"https:\/\/www.blekingeidrottshalsa.se\/index.php?rest_route=\/wp\/v2\/types\/page"}],"author":[{"embeddable":true,"href":"https:\/\/www.blekingeidrottshalsa.se\/index.php?rest_route=\/wp\/v2\/users\/2"}],"replies":[{"embeddable":true,"href":"https:\/\/www.blekingeidrottshalsa.se\/index.php?rest_route=%2Fwp%2Fv2%2Fcomments&post=841"}],"version-history":[{"count":4,"href":"https:\/\/www.blekingeidrottshalsa.se\/index.php?rest_route=\/wp\/v2\/pages\/841\/revisions"}],"predecessor-version":[{"id":1078,"href":"https:\/\/www.blekingeidrottshalsa.se\/index.php?rest_route=\/wp\/v2\/pages\/841\/revisions\/1078"}],"wp:attachment":[{"href":"https:\/\/www.blekingeidrottshalsa.se\/index.php?rest_route=%2Fwp%2Fv2%2Fmedia&parent=841"}],"curies":[{"name":"wp","href":"https:\/\/api.w.org\/{rel}","templated":true}]}}