{"id":906,"date":"2019-03-02T21:00:06","date_gmt":"2019-03-02T20:00:06","guid":{"rendered":"http:\/\/www.blekingeidrottshalsa.se\/?page_id=906"},"modified":"2020-03-02T21:13:48","modified_gmt":"2020-03-02T20:13:48","slug":"mina-utbildningar","status":"publish","type":"page","link":"https:\/\/www.blekingeidrottshalsa.se\/?page_id=906","title":{"rendered":"Mina utbildningar"},"content":{"rendered":"<p align=\"LEFT\"><span style=\"font-family: Garamond, serif;\"><span style=\"font-size: medium;\">Legitimerad sjukgymnast (Lunds universitet) <\/span><\/span><\/p>\n<p align=\"LEFT\"><span style=\"font-family: Garamond, serif;\"><span style=\"font-size: medium;\">Diplomerad mass\u00f6r (Lund) <\/span><\/span><\/p>\n<p align=\"LEFT\"><span style=\"font-family: Garamond, serif;\"><span style=\"font-size: medium;\">Physiorullen (Helsingborg) <\/span><\/span><\/p>\n<p align=\"LEFT\"><span style=\"font-family: Garamond, serif;\"><span style=\"font-size: medium;\">Motiverande samtal (Karlskrona)<\/span><\/span><\/p>\n<p align=\"LEFT\"><span style=\"font-family: Garamond, serif;\"><span style=\"font-size: medium;\">RPM-instrukt\u00f6r (Stockholm\/V\u00e4xj\u00f6) <\/span><\/span><\/p>\n<p align=\"LEFT\"><span style=\"font-family: Garamond, serif;\"><span style=\"font-size: medium;\">Core-instrukt\u00f6r (Karlshamn) <\/span><\/span><\/p>\n<p align=\"LEFT\"><span style=\"font-family: Garamond, serif;\"><span style=\"font-size: medium;\">Folkh\u00e4lsa 30 h\u00f6gskolepo\u00e4ng (BTH, Karlskrona) <\/span><\/span><\/p>\n<p align=\"LEFT\"><span style=\"font-family: Garamond, serif;\"><span style=\"font-size: medium;\">Psykiatri 5 h\u00f6gskolepo\u00e4ng (BTH, Karlskrona) <\/span><\/span><\/p>\n<p align=\"LEFT\"><span style=\"font-family: Garamond, serif;\"><span style=\"font-size: medium;\">Sittutbildning (V\u00e4xj\u00f6) <\/span><\/span><\/p>\n<p align=\"LEFT\"><span style=\"font-family: Garamond, serif;\"><span style=\"font-size: medium;\">Lyftutbildning (Malm\u00f6) <\/span><\/span><\/p>\n<p align=\"LEFT\"><span style=\"font-family: Garamond, serif;\"><span style=\"font-size: medium;\">St\u00f6d till n\u00e4rst\u00e5ende 7,5 h\u00f6gskolepo\u00e4ng (BTH, Karlskrona) <\/span><\/span><\/p>\n<p align=\"LEFT\"><span style=\"font-family: Garamond, serif;\"><span style=\"font-size: medium;\">Akupunkturutbildning, grundkurs (Lund) <\/span><\/span><\/p>\n<p align=\"LEFT\"><span style=\"font-family: Garamond, serif;\"><span style=\"font-size: medium;\">CxWorx-utbildning (Stockholm) <\/span><\/span><\/p>\n<p align=\"LEFT\"><span style=\"font-family: Garamond, serif;\"><span style=\"font-size: medium;\">Kinesiologytape (Link\u00f6ping) <\/span><\/span><\/p>\n<p align=\"LEFT\"><span style=\"font-family: Garamond, serif;\"><span style=\"font-size: medium;\">Triggerpunktsakupunktur (Lund) <\/span><\/span><\/p>\n<p align=\"LEFT\"><span style=\"font-family: Garamond, serif;\"><span style=\"font-size: medium;\">\u00d6ronakupunktur (Lund) <\/span><\/span><\/p>\n<p align=\"LEFT\"><span style=\"font-family: Garamond, serif;\"><span style=\"font-size: medium;\">Medicinsk tr\u00e4ningsterapi (Lund) <\/span><\/span><\/p>\n<p align=\"LEFT\"><span style=\"font-family: Garamond, serif;\"><span style=\"font-size: medium;\">Akupunktur f\u00f6r gravida (Lund) <\/span><\/span><\/p>\n<p align=\"LEFT\"><span style=\"font-family: Garamond, serif;\"><span style=\"font-size: medium;\">Magisterexamen idrottsmedicin 30 hp (Linn\u00e9uiversitetet Kalmar) <\/span><\/span><\/p>\n<p align=\"LEFT\"><span style=\"font-family: Garamond, serif;\"><span style=\"font-size: medium;\">Axelina (Bed\u00f6mnings och behandlingsprogram axlar) <\/span><\/span><\/p>\n<p align=\"LEFT\"><span style=\"font-family: Garamond, serif;\"><span style=\"font-size: medium;\">L\u00f6parcoach<\/span><\/span><\/p>\n<p align=\"LEFT\"><span style=\"font-family: Garamond, serif;\"><span style=\"font-size: medium;\">McKenzie &#8211; lumbalrygg<\/span><\/span><\/p>\n<p align=\"LEFT\"><span style=\"font-family: Garamond, serif;\"><span style=\"font-size: medium;\">McKenzie &#8211; nacke- och thoracalrygg<\/span><\/span><\/p>\n<p align=\"LEFT\"><span style=\"font-family: Garamond, serif;\"><span style=\"font-size: medium;\"><img loading=\"lazy\" decoding=\"async\" class=\"wp-image-761 aligncenter\" src=\"http:\/\/www.blekingeidrottshalsa.se\/wordpress\/wp-content\/uploads\/2013\/10\/DSC_1384-168x300.jpg\" alt=\"DSC_1384\" width=\"194\" height=\"346\" srcset=\"https:\/\/www.blekingeidrottshalsa.se\/wordpress\/wp-content\/uploads\/2013\/10\/DSC_1384-168x300.jpg 168w, https:\/\/www.blekingeidrottshalsa.se\/wordpress\/wp-content\/uploads\/2013\/10\/DSC_1384-576x1024.jpg 576w, https:\/\/www.blekingeidrottshalsa.se\/wordpress\/wp-content\/uploads\/2013\/10\/DSC_1384.jpg 1836w\" sizes=\"auto, (max-width: 194px) 100vw, 194px\" \/><\/span><\/span><\/p>\n","protected":false},"excerpt":{"rendered":"<p>Legitimerad sjukgymnast (Lunds universitet) Diplomerad mass\u00f6r (Lund) Physiorullen (Helsingborg) Motiverande samtal (Karlskrona) RPM-instrukt\u00f6r (Stockholm\/V\u00e4xj\u00f6) Core-instrukt\u00f6r (Karlshamn) Folkh\u00e4lsa 30 h\u00f6gskolepo\u00e4ng (BTH, Karlskrona) Psykiatri 5 h\u00f6gskolepo\u00e4ng (BTH, Karlskrona) Sittutbildning (V\u00e4xj\u00f6) Lyftutbildning (Malm\u00f6) St\u00f6d till n\u00e4rst\u00e5ende 7,5 h\u00f6gskolepo\u00e4ng (BTH, Karlskrona) Akupunkturutbildning, grundkurs (Lund) CxWorx-utbildning (Stockholm) Kinesiologytape (Link\u00f6ping) Triggerpunktsakupunktur (Lund) \u00d6ronakupunktur (Lund) Medicinsk tr\u00e4ningsterapi&#8230; <a class=\"continue-reading-link\" href=\"https:\/\/www.blekingeidrottshalsa.se\/?page_id=906\"> Continue reading <span class=\"meta-nav\">&rarr; <\/span><\/a><\/p>\n","protected":false},"author":2,"featured_media":0,"parent":18,"menu_order":0,"comment_status":"open","ping_status":"open","template":"templates\/template-onecolumn.php","meta":{"footnotes":""},"class_list":["post-906","page","type-page","status-publish","hentry"],"_links":{"self":[{"href":"https:\/\/www.blekingeidrottshalsa.se\/index.php?rest_route=\/wp\/v2\/pages\/906","targetHints":{"allow":["GET"]}}],"collection":[{"href":"https:\/\/www.blekingeidrottshalsa.se\/index.php?rest_route=\/wp\/v2\/pages"}],"about":[{"href":"https:\/\/www.blekingeidrottshalsa.se\/index.php?rest_route=\/wp\/v2\/types\/page"}],"author":[{"embeddable":true,"href":"https:\/\/www.blekingeidrottshalsa.se\/index.php?rest_route=\/wp\/v2\/users\/2"}],"replies":[{"embeddable":true,"href":"https:\/\/www.blekingeidrottshalsa.se\/index.php?rest_route=%2Fwp%2Fv2%2Fcomments&post=906"}],"version-history":[{"count":5,"href":"https:\/\/www.blekingeidrottshalsa.se\/index.php?rest_route=\/wp\/v2\/pages\/906\/revisions"}],"predecessor-version":[{"id":1274,"href":"https:\/\/www.blekingeidrottshalsa.se\/index.php?rest_route=\/wp\/v2\/pages\/906\/revisions\/1274"}],"up":[{"embeddable":true,"href":"https:\/\/www.blekingeidrottshalsa.se\/index.php?rest_route=\/wp\/v2\/pages\/18"}],"wp:attachment":[{"href":"https:\/\/www.blekingeidrottshalsa.se\/index.php?rest_route=%2Fwp%2Fv2%2Fmedia&parent=906"}],"curies":[{"name":"wp","href":"https:\/\/api.w.org\/{rel}","templated":true}]}}